{"id":11613,"date":"2025-04-09T10:50:19","date_gmt":"2025-04-09T13:50:19","guid":{"rendered":"https:\/\/braesportes.com.br\/blog\/?page_id=11613"},"modified":"2025-05-05T15:12:31","modified_gmt":"2025-05-05T18:12:31","slug":"inicio","status":"publish","type":"page","link":"https:\/\/braesportes.com.br\/blog\/","title":{"rendered":"Inicio"},"content":{"rendered":"\n<h2 class=\"gb-headline gb-headline-9053a7a7 gb-headline-text\">Posts recentes<\/h2>\n\n\n\n<hr class=\"wp-block-separator has-alpha-channel-opacity\"\/>\n\n\n\n<div class=\"gb-grid-wrapper gb-grid-wrapper-4ecfa951 gb-query-loop-wrapper\">\n<div class=\"gb-grid-column gb-grid-column-4ca70847 gb-query-loop-item post-11607 post type-post status-publish format-standard has-post-thumbnail hentry category-mentalidade-do-esporte category-treino\"><div class=\"gb-container gb-container-4ca70847\">\n<figure class=\"gb-block-image gb-block-image-cae51cc7\"><a href=\"https:\/\/braesportes.com.br\/blog\/corrida-de-rua-o-melhor-esporte-que-voce-pode-praticar\/\"><img fetchpriority=\"high\" decoding=\"async\" width=\"2208\" height=\"1248\" src=\"https:\/\/braesportes.com.br\/blog\/wp-content\/uploads\/2025\/04\/Leonardo_Phoenix_10_prompt_An_energetic_urban_scene_showing_a_3.jpg\" class=\"gb-image-cae51cc7\" alt=\"\" srcset=\"https:\/\/braesportes.com.br\/blog\/wp-content\/uploads\/2025\/04\/Leonardo_Phoenix_10_prompt_An_energetic_urban_scene_showing_a_3.jpg 2208w, https:\/\/braesportes.com.br\/blog\/wp-content\/uploads\/2025\/04\/Leonardo_Phoenix_10_prompt_An_energetic_urban_scene_showing_a_3-300x170.jpg 300w, https:\/\/braesportes.com.br\/blog\/wp-content\/uploads\/2025\/04\/Leonardo_Phoenix_10_prompt_An_energetic_urban_scene_showing_a_3-1024x579.jpg 1024w, https:\/\/braesportes.com.br\/blog\/wp-content\/uploads\/2025\/04\/Leonardo_Phoenix_10_prompt_An_energetic_urban_scene_showing_a_3-768x434.jpg 768w, https:\/\/braesportes.com.br\/blog\/wp-content\/uploads\/2025\/04\/Leonardo_Phoenix_10_prompt_An_energetic_urban_scene_showing_a_3-1536x868.jpg 1536w, https:\/\/braesportes.com.br\/blog\/wp-content\/uploads\/2025\/04\/Leonardo_Phoenix_10_prompt_An_energetic_urban_scene_showing_a_3-2048x1158.jpg 2048w\" sizes=\"(max-width: 2208px) 100vw, 2208px\" \/><\/a><\/figure>\n\n<h2 class=\"gb-headline gb-headline-74b508a5 gb-headline-text\"><a href=\"https:\/\/braesportes.com.br\/blog\/corrida-de-rua-o-melhor-esporte-que-voce-pode-praticar\/\">Corrida de Rua: O Melhor Esporte que Voc\u00ea Pode Praticar<\/a><\/h2>\n<\/div><\/div>\n\n<div class=\"gb-grid-column gb-grid-column-4ca70847 gb-query-loop-item post-11574 post type-post status-publish format-standard has-post-thumbnail hentry category-organizacao\"><div class=\"gb-container gb-container-4ca70847\">\n<figure class=\"gb-block-image gb-block-image-cae51cc7\"><a href=\"https:\/\/braesportes.com.br\/blog\/como-escolher-equipamentos-ideais-para-seu-biotipo-e-melhorar-a-corrida\/\"><img decoding=\"async\" width=\"1080\" height=\"1080\" src=\"https:\/\/braesportes.com.br\/blog\/wp-content\/uploads\/2025\/04\/BRASIL-ESPORTES-8-2.png\" class=\"gb-image-cae51cc7\" alt=\"\" srcset=\"https:\/\/braesportes.com.br\/blog\/wp-content\/uploads\/2025\/04\/BRASIL-ESPORTES-8-2.png 1080w, https:\/\/braesportes.com.br\/blog\/wp-content\/uploads\/2025\/04\/BRASIL-ESPORTES-8-2-300x300.png 300w, https:\/\/braesportes.com.br\/blog\/wp-content\/uploads\/2025\/04\/BRASIL-ESPORTES-8-2-1024x1024.png 1024w, https:\/\/braesportes.com.br\/blog\/wp-content\/uploads\/2025\/04\/BRASIL-ESPORTES-8-2-150x150.png 150w, https:\/\/braesportes.com.br\/blog\/wp-content\/uploads\/2025\/04\/BRASIL-ESPORTES-8-2-768x768.png 768w\" sizes=\"(max-width: 1080px) 100vw, 1080px\" \/><\/a><\/figure>\n\n<h2 class=\"gb-headline gb-headline-74b508a5 gb-headline-text\"><a href=\"https:\/\/braesportes.com.br\/blog\/como-escolher-equipamentos-ideais-para-seu-biotipo-e-melhorar-a-corrida\/\">Como Escolher Equipamentos Ideais para Seu Biotipo e Melhorar a Corrida<\/a><\/h2>\n<\/div><\/div>\n\n<div class=\"gb-grid-column gb-grid-column-4ca70847 gb-query-loop-item post-11567 post type-post status-publish format-standard has-post-thumbnail hentry category-equipamentos category-melhorar-performance\"><div class=\"gb-container gb-container-4ca70847\">\n<figure class=\"gb-block-image gb-block-image-cae51cc7\"><a href=\"https:\/\/braesportes.com.br\/blog\/tenis-para-corrida-na-chuva-impermeabilidade-e-aderencia-importam\/\"><img decoding=\"async\" width=\"1080\" height=\"1080\" src=\"https:\/\/braesportes.com.br\/blog\/wp-content\/uploads\/2025\/04\/BRASIL-ESPORTES-3-1.png\" class=\"gb-image-cae51cc7\" alt=\"\" srcset=\"https:\/\/braesportes.com.br\/blog\/wp-content\/uploads\/2025\/04\/BRASIL-ESPORTES-3-1.png 1080w, https:\/\/braesportes.com.br\/blog\/wp-content\/uploads\/2025\/04\/BRASIL-ESPORTES-3-1-300x300.png 300w, https:\/\/braesportes.com.br\/blog\/wp-content\/uploads\/2025\/04\/BRASIL-ESPORTES-3-1-1024x1024.png 1024w, https:\/\/braesportes.com.br\/blog\/wp-content\/uploads\/2025\/04\/BRASIL-ESPORTES-3-1-150x150.png 150w, https:\/\/braesportes.com.br\/blog\/wp-content\/uploads\/2025\/04\/BRASIL-ESPORTES-3-1-768x768.png 768w\" sizes=\"(max-width: 1080px) 100vw, 1080px\" \/><\/a><\/figure>\n\n<h2 class=\"gb-headline gb-headline-74b508a5 gb-headline-text\"><a href=\"https:\/\/braesportes.com.br\/blog\/tenis-para-corrida-na-chuva-impermeabilidade-e-aderencia-importam\/\">T\u00eanis para Corrida na Chuva: Impermeabilidade e Ader\u00eancia Importam?<\/a><\/h2>\n<\/div><\/div>\n\n<div class=\"gb-grid-column gb-grid-column-4ca70847 gb-query-loop-item post-11389 post type-post status-publish format-standard has-post-thumbnail hentry category-organizacao\"><div class=\"gb-container gb-container-4ca70847\">\n<figure class=\"gb-block-image gb-block-image-cae51cc7\"><a href=\"https:\/\/braesportes.com.br\/blog\/terapia-com-gelo-pos-corrida-recupere-se-mais-rapido-e-volte-a-treinar\/\"><img loading=\"lazy\" decoding=\"async\" width=\"1024\" height=\"1024\" src=\"https:\/\/braesportes.com.br\/blog\/wp-content\/uploads\/2025\/04\/brasil-esportes-blog-terapia-de-gelo.jpeg\" class=\"gb-image-cae51cc7\" alt=\"\" srcset=\"https:\/\/braesportes.com.br\/blog\/wp-content\/uploads\/2025\/04\/brasil-esportes-blog-terapia-de-gelo.jpeg 1024w, https:\/\/braesportes.com.br\/blog\/wp-content\/uploads\/2025\/04\/brasil-esportes-blog-terapia-de-gelo-300x300.jpeg 300w, https:\/\/braesportes.com.br\/blog\/wp-content\/uploads\/2025\/04\/brasil-esportes-blog-terapia-de-gelo-150x150.jpeg 150w, https:\/\/braesportes.com.br\/blog\/wp-content\/uploads\/2025\/04\/brasil-esportes-blog-terapia-de-gelo-768x768.jpeg 768w\" sizes=\"(max-width: 1024px) 100vw, 1024px\" \/><\/a><\/figure>\n\n<h2 class=\"gb-headline gb-headline-74b508a5 gb-headline-text\"><a href=\"https:\/\/braesportes.com.br\/blog\/terapia-com-gelo-pos-corrida-recupere-se-mais-rapido-e-volte-a-treinar\/\">Terapia com Gelo P\u00f3s-Corrida: Recupere-se Mais R\u00e1pido e Volte a Treinar<\/a><\/h2>\n<\/div><\/div>\n<\/div>\n\n\n\n<p><\/p>\n\n\n\n<p><\/p>\n\n\n\n<p><\/p>\n\n\n<div class=\"gb-container gb-container-9008a3bb\"><\/div>\n\n\n<h2 class=\"gb-headline gb-headline-1fa1ebe3 gb-headline-text\">VOC\u00ca PODE GOSTAR<\/h2>\n\n\n\n<hr class=\"wp-block-separator has-alpha-channel-opacity\"\/>\n\n\n\n<div class=\"gb-grid-wrapper gb-grid-wrapper-87f3bd50 gb-query-loop-wrapper\">\n<div class=\"gb-grid-column gb-grid-column-1f8db02a gb-query-loop-item post-11078 post type-post status-publish format-standard has-post-thumbnail hentry category-organizacao\"><div class=\"gb-container gb-container-1f8db02a\">\n<figure class=\"gb-block-image gb-block-image-f6b0cce0\"><img loading=\"lazy\" decoding=\"async\" width=\"741\" height=\"359\" src=\"https:\/\/braesportes.com.br\/blog\/wp-content\/uploads\/2025\/03\/Frame-2.png\" class=\"gb-image-f6b0cce0\" alt=\"\" srcset=\"https:\/\/braesportes.com.br\/blog\/wp-content\/uploads\/2025\/03\/Frame-2.png 741w, https:\/\/braesportes.com.br\/blog\/wp-content\/uploads\/2025\/03\/Frame-2-300x145.png 300w\" sizes=\"(max-width: 741px) 100vw, 741px\" \/><\/figure>\n\n<h2 class=\"gb-headline gb-headline-07a8bade gb-headline-text\"><a href=\"https:\/\/braesportes.com.br\/blog\/10-dicas-infaliveis-para-melhorar-seu-tempo-na-corrida-de-rua\/\">10 Dicas Infal\u00edveis para Melhorar Seu Tempo na Corrida de Rua\u00a0<\/a><\/h2>\n\n<p class=\"gb-headline gb-headline-026eb960 gb-headline-text\"><time class=\"entry-date published\" datetime=\"2025-03-18T11:48:53-03:00\">18\/03\/2025<\/time><\/p>\n\n<div class=\"gb-headline gb-headline-c8573e4d gb-headline-text\">Voc\u00ea j\u00e1 se perguntou por que alguns corredores parecem voar na pista enquanto voc\u00ea sente que est\u00e1 sempre no mesmo ritmo? A verdade \u00e9 que melhorar o tempo na corrida &#8230; <a title=\"10 Dicas Infal\u00edveis para Melhorar Seu Tempo na Corrida de Rua\u00a0\" class=\"read-more\" href=\"https:\/\/braesportes.com.br\/blog\/10-dicas-infaliveis-para-melhorar-seu-tempo-na-corrida-de-rua\/\" aria-label=\"Read more about 10 Dicas Infal\u00edveis para Melhorar Seu Tempo na Corrida de Rua\u00a0\">Ler mais<\/a><\/div>\n<\/div><\/div>\n\n<div class=\"gb-grid-column gb-grid-column-1f8db02a gb-query-loop-item post-11114 post type-post status-publish format-standard has-post-thumbnail hentry category-organizacao\"><div class=\"gb-container gb-container-1f8db02a\">\n<figure class=\"gb-block-image gb-block-image-f6b0cce0\"><img loading=\"lazy\" decoding=\"async\" width=\"2560\" height=\"1709\" src=\"https:\/\/braesportes.com.br\/blog\/wp-content\/uploads\/2025\/03\/young-runner-sportsman-stretching-his-legs-warming-up-running-scaled.jpg\" class=\"gb-image-f6b0cce0\" alt=\"\" srcset=\"https:\/\/braesportes.com.br\/blog\/wp-content\/uploads\/2025\/03\/young-runner-sportsman-stretching-his-legs-warming-up-running-scaled.jpg 2560w, https:\/\/braesportes.com.br\/blog\/wp-content\/uploads\/2025\/03\/young-runner-sportsman-stretching-his-legs-warming-up-running-300x200.jpg 300w, https:\/\/braesportes.com.br\/blog\/wp-content\/uploads\/2025\/03\/young-runner-sportsman-stretching-his-legs-warming-up-running-1024x683.jpg 1024w, https:\/\/braesportes.com.br\/blog\/wp-content\/uploads\/2025\/03\/young-runner-sportsman-stretching-his-legs-warming-up-running-768x513.jpg 768w, https:\/\/braesportes.com.br\/blog\/wp-content\/uploads\/2025\/03\/young-runner-sportsman-stretching-his-legs-warming-up-running-1536x1025.jpg 1536w, https:\/\/braesportes.com.br\/blog\/wp-content\/uploads\/2025\/03\/young-runner-sportsman-stretching-his-legs-warming-up-running-2048x1367.jpg 2048w\" sizes=\"(max-width: 2560px) 100vw, 2560px\" \/><\/figure>\n\n<h2 class=\"gb-headline gb-headline-07a8bade gb-headline-text\"><a href=\"https:\/\/braesportes.com.br\/blog\/aquecimento-e-alongamento-para-corredores-melhore-seu-desempenho-na-corrida-de-rua\/\">Aquecimento e Alongamento para Corredores: Melhore seu Desempenho na Corrida de Rua<\/a><\/h2>\n\n<p class=\"gb-headline gb-headline-026eb960 gb-headline-text\"><time class=\"entry-date published\" datetime=\"2025-03-19T10:38:17-03:00\">19\/03\/2025<\/time><\/p>\n\n<div class=\"gb-headline gb-headline-c8573e4d gb-headline-text\">Se voc\u00ea \u00e9 um corredor, j\u00e1 deve ter ouvido falar sobre a import\u00e2ncia do aquecimento e do alongamento antes e depois da corrida. No entanto, muitos corredores ainda subestimam esses &#8230; <a title=\"Aquecimento e Alongamento para Corredores: Melhore seu Desempenho na Corrida de Rua\" class=\"read-more\" href=\"https:\/\/braesportes.com.br\/blog\/aquecimento-e-alongamento-para-corredores-melhore-seu-desempenho-na-corrida-de-rua\/\" aria-label=\"Read more about Aquecimento e Alongamento para Corredores: Melhore seu Desempenho na Corrida de Rua\">Ler mais<\/a><\/div>\n<\/div><\/div>\n\n<div class=\"gb-grid-column gb-grid-column-1f8db02a gb-query-loop-item post-11117 post type-post status-publish format-standard has-post-thumbnail hentry category-equipamentos\"><div class=\"gb-container gb-container-1f8db02a\">\n<figure class=\"gb-block-image gb-block-image-f6b0cce0\"><img loading=\"lazy\" decoding=\"async\" width=\"1708\" height=\"2560\" src=\"https:\/\/braesportes.com.br\/blog\/wp-content\/uploads\/2025\/03\/pexels-ankurbagai-1280064-scaled.jpg\" class=\"gb-image-f6b0cce0\" alt=\"\" srcset=\"https:\/\/braesportes.com.br\/blog\/wp-content\/uploads\/2025\/03\/pexels-ankurbagai-1280064-scaled.jpg 1708w, https:\/\/braesportes.com.br\/blog\/wp-content\/uploads\/2025\/03\/pexels-ankurbagai-1280064-200x300.jpg 200w, https:\/\/braesportes.com.br\/blog\/wp-content\/uploads\/2025\/03\/pexels-ankurbagai-1280064-683x1024.jpg 683w, https:\/\/braesportes.com.br\/blog\/wp-content\/uploads\/2025\/03\/pexels-ankurbagai-1280064-768x1151.jpg 768w, https:\/\/braesportes.com.br\/blog\/wp-content\/uploads\/2025\/03\/pexels-ankurbagai-1280064-1025x1536.jpg 1025w, https:\/\/braesportes.com.br\/blog\/wp-content\/uploads\/2025\/03\/pexels-ankurbagai-1280064-1366x2048.jpg 1366w\" sizes=\"(max-width: 1708px) 100vw, 1708px\" \/><\/figure>\n\n<h2 class=\"gb-headline gb-headline-07a8bade gb-headline-text\"><a href=\"https:\/\/braesportes.com.br\/blog\/melhor-tenis-para-corrida-de-rua-em-2023-guia-definitivo-para-escolher-o-modelo-ideal\/\">Melhor T\u00eanis para Corrida de Rua: Guia Definitivo para Escolher o Modelo Ideal<\/a><\/h2>\n\n<p class=\"gb-headline gb-headline-026eb960 gb-headline-text\"><time class=\"entry-date published\" datetime=\"2025-03-19T10:51:12-03:00\">19\/03\/2025<\/time><\/p>\n\n<div class=\"gb-headline gb-headline-c8573e4d gb-headline-text\">Voc\u00ea j\u00e1 sentiu dores nos p\u00e9s ou nas pernas ap\u00f3s uma corrida? Muitas vezes, o problema n\u00e3o est\u00e1 no seu treino, mas no&nbsp;t\u00eanis que voc\u00ea est\u00e1 usando. Escolher o&nbsp;melhor t\u00eanis &#8230; <a title=\"Melhor T\u00eanis para Corrida de Rua: Guia Definitivo para Escolher o Modelo Ideal\" class=\"read-more\" href=\"https:\/\/braesportes.com.br\/blog\/melhor-tenis-para-corrida-de-rua-em-2023-guia-definitivo-para-escolher-o-modelo-ideal\/\" aria-label=\"Read more about Melhor T\u00eanis para Corrida de Rua: Guia Definitivo para Escolher o Modelo Ideal\">Ler mais<\/a><\/div>\n<\/div><\/div>\n<\/div>\n\n\n<div class=\"gb-container gb-container-3ba09ac1\"><\/div>\n\n\n<h2 class=\"gb-headline gb-headline-0a0e5a6b gb-headline-text\">VEJA TAMB\u00c9M<\/h2>\n\n\n\n<hr class=\"wp-block-separator has-alpha-channel-opacity\"\/>\n\n\n<div class=\"gb-container gb-container-9a464e94\">\n\n<div class=\"gb-grid-wrapper gb-grid-wrapper-2aec3765 gb-query-loop-wrapper\">\n<div class=\"gb-grid-column gb-grid-column-63a7591b gb-query-loop-item post-11565 post type-post status-publish format-standard has-post-thumbnail hentry category-organizacao\"><div class=\"gb-container gb-container-63a7591b\" style=\"--background-image: url(https:\/\/braesportes.com.br\/blog\/wp-content\/uploads\/2025\/04\/BRASIL-ESPORTES-12-1.png);\">\n<h6 class=\"gb-headline gb-headline-7f8fced6 gb-headline-text\"><span class=\"post-term-item term-organizacao\"><a href=\"https:\/\/braesportes.com.br\/blog\/category\/organizacao\/\">Prepara\u00e7\u00e3o<\/a><\/span><\/h6>\n\n<h3 class=\"gb-headline gb-headline-ede71420 gb-headline-text\"><a href=\"https:\/\/braesportes.com.br\/blog\/10-equipamentos-essenciais-para-corrida-na-esteira-revolucione-seu-treino-indoor\/\">10 Equipamentos Essenciais para Corrida na Esteira: Revolucione seu Treino Indoor<\/a><\/h3>\n<\/div><\/div>\n\n<div class=\"gb-grid-column gb-grid-column-63a7591b gb-query-loop-item post-11563 post type-post status-publish format-standard has-post-thumbnail hentry category-organizacao\"><div class=\"gb-container gb-container-63a7591b\" style=\"--background-image: url(https:\/\/braesportes.com.br\/blog\/wp-content\/uploads\/2025\/04\/BRASIL-ESPORTES-12.png);\">\n<h6 class=\"gb-headline gb-headline-7f8fced6 gb-headline-text\"><span class=\"post-term-item term-organizacao\"><a href=\"https:\/\/braesportes.com.br\/blog\/category\/organizacao\/\">Prepara\u00e7\u00e3o<\/a><\/span><\/h6>\n\n<h3 class=\"gb-headline gb-headline-ede71420 gb-headline-text\"><a href=\"https:\/\/braesportes.com.br\/blog\/treino-cruzado-para-corredores-7-modalidades-que-transformarao-seu-desempenho\/\">Treino Cruzado para Corredores: 7 Modalidades que Transformar\u00e3o seu Desempenho<\/a><\/h3>\n<\/div><\/div>\n\n<div class=\"gb-grid-column gb-grid-column-63a7591b gb-query-loop-item post-11560 post type-post status-publish format-standard has-post-thumbnail hentry category-organizacao\"><div class=\"gb-container gb-container-63a7591b\" style=\"--background-image: url(https:\/\/braesportes.com.br\/blog\/wp-content\/uploads\/2025\/04\/BRASIL-ESPORTES-1-3.png);\">\n<h6 class=\"gb-headline gb-headline-7f8fced6 gb-headline-text\"><span class=\"post-term-item term-organizacao\"><a href=\"https:\/\/braesportes.com.br\/blog\/category\/organizacao\/\">Prepara\u00e7\u00e3o<\/a><\/span><\/h6>\n\n<h3 class=\"gb-headline gb-headline-ede71420 gb-headline-text\"><a href=\"https:\/\/braesportes.com.br\/blog\/nutricao-para-corridas-em-diferentes-temperaturas-guia-completo\/\">Nutri\u00e7\u00e3o para Corridas em Diferentes Temperaturas: Guia Completo<\/a><\/h3>\n<\/div><\/div>\n\n<div class=\"gb-grid-column gb-grid-column-63a7591b gb-query-loop-item post-11556 post type-post status-publish format-standard has-post-thumbnail hentry category-organizacao\"><div class=\"gb-container gb-container-63a7591b\" style=\"--background-image: url(https:\/\/braesportes.com.br\/blog\/wp-content\/uploads\/2025\/04\/sportsman-having-knee-injury-problem-scaled.jpg);\">\n<h6 class=\"gb-headline gb-headline-7f8fced6 gb-headline-text\"><span class=\"post-term-item term-organizacao\"><a href=\"https:\/\/braesportes.com.br\/blog\/category\/organizacao\/\">Prepara\u00e7\u00e3o<\/a><\/span><\/h6>\n\n<h3 class=\"gb-headline gb-headline-ede71420 gb-headline-text\"><a href=\"https:\/\/braesportes.com.br\/blog\/como-superar-a-dor-na-corrida-estrategias-mentais-e-fisicas-que-funcionam\/\">Como Superar a Dor na Corrida: Estrat\u00e9gias Mentais e F\u00edsicas que Funcionam<\/a><\/h3>\n<\/div><\/div>\n<\/div>\n\n<\/div>\n\n\n<p><\/p>\n","protected":false},"excerpt":{"rendered":"<p>Posts recentes VOC\u00ca PODE GOSTAR VEJA TAMB\u00c9M<\/p>\n","protected":false},"author":4,"featured_media":0,"parent":0,"menu_order":0,"comment_status":"closed","ping_status":"closed","template":"","meta":{"footnotes":""},"class_list":["post-11613","page","type-page","status-publish"],"jetpack_sharing_enabled":true,"_links":{"self":[{"href":"https:\/\/braesportes.com.br\/blog\/wp-json\/wp\/v2\/pages\/11613","targetHints":{"allow":["GET"]}}],"collection":[{"href":"https:\/\/braesportes.com.br\/blog\/wp-json\/wp\/v2\/pages"}],"about":[{"href":"https:\/\/braesportes.com.br\/blog\/wp-json\/wp\/v2\/types\/page"}],"author":[{"embeddable":true,"href":"https:\/\/braesportes.com.br\/blog\/wp-json\/wp\/v2\/users\/4"}],"replies":[{"embeddable":true,"href":"https:\/\/braesportes.com.br\/blog\/wp-json\/wp\/v2\/comments?post=11613"}],"version-history":[{"count":28,"href":"https:\/\/braesportes.com.br\/blog\/wp-json\/wp\/v2\/pages\/11613\/revisions"}],"predecessor-version":[{"id":11940,"href":"https:\/\/braesportes.com.br\/blog\/wp-json\/wp\/v2\/pages\/11613\/revisions\/11940"}],"wp:attachment":[{"href":"https:\/\/braesportes.com.br\/blog\/wp-json\/wp\/v2\/media?parent=11613"}],"curies":[{"name":"wp","href":"https:\/\/api.w.org\/{rel}","templated":true}]}}