{"id":819,"date":"2022-11-08T18:30:39","date_gmt":"2022-11-08T23:30:39","guid":{"rendered":"https:\/\/gpsites.co\/info\/?page_id=819"},"modified":"2025-04-10T17:12:30","modified_gmt":"2025-04-10T20:12:30","slug":"sobre","status":"publish","type":"page","link":"https:\/\/braesportes.com.br\/blog\/sobre\/","title":{"rendered":"Sobre"},"content":{"rendered":"\n<p><strong>Bem-vindo ao Brasil Esportes!<\/strong><\/p>\n\n\n\n<p>Somos apaixonados por cronometragem de corridas e pelo universo esportivo, e estamos empolgados em compartilhar essa jornada com voc\u00ea. Neste blog, buscamos n\u00e3o apenas fornecer informa\u00e7\u00f5es t\u00e9cnicas e novidades do setor, mas tamb\u00e9m dividir nossas pr\u00f3prias experi\u00eancias, pois acreditamos que a autenticidade \u00e9 essencial para criar uma conex\u00e3o verdadeira com nossos leitores.<\/p>\n\n\n\n<p>Imagine-se na linha de largada, onde cada batida do cora\u00e7\u00e3o acompanha a expectativa do cron\u00f4metro. Assim como um atleta se prepara para dar o seu melhor, a cronometragem \u00e9 a arte de registrar cada instante com precis\u00e3o e respeito ao esfor\u00e7o de cada competidor. Foi essa busca pela exatid\u00e3o e pela valoriza\u00e7\u00e3o do tempo que nos levou a criar o <strong>Brasil Esportes<\/strong>.<\/p>\n\n\n\n<div class=\"wp-block-group is-nowrap is-layout-flex wp-container-core-group-is-layout-1 wp-block-group-is-layout-flex\">\n<p>Nossa trajet\u00f3ria nesse universo foi marcada por desafios e conquistas, por madrugadas de prepara\u00e7\u00e3o e por momentos de pura adrenalina ao acompanhar a chegada de cada atleta. Cada evento nos ensinou que a cronometragem n\u00e3o \u00e9 apenas um servi\u00e7o, mas um compromisso com a justi\u00e7a e com a transpar\u00eancia do esporte. A cada corrida cronometrada, reafirmamos nosso prop\u00f3sito de garantir que cada segundo seja contado com precis\u00e3o absoluta.<\/p>\n<\/div>\n\n\n\n<p>Aqui no <strong>Brasil Esportes<\/strong>, queremos compartilhar t\u00e9cnicas, insights e aprendizados que adquirimos ao longo dos anos. Nossa miss\u00e3o \u00e9 fornecer conte\u00fado relevante para atletas, organizadores de eventos e entusiastas da cronometragem. N\u00e3o nos consideramos apenas especialistas, mas sim eternos aprendizes, sempre buscando aprimorar nossos conhecimentos e trocar experi\u00eancias com a comunidade.<\/p>\n\n\n\n<p>Com o tempo, percebemos que a cronometragem vai al\u00e9m dos n\u00fameros. Ela representa hist\u00f3rias de supera\u00e7\u00e3o, dedica\u00e7\u00e3o e esfor\u00e7o. \u00c9 a linha que separa o passado do presente, a marca de um novo recorde, o registro da evolu\u00e7\u00e3o de cada corredor. Queremos compartilhar essa paix\u00e3o com voc\u00ea, trazendo conte\u00fados que iluminam o impacto da cronometragem no esporte e na vida.<\/p>\n\n\n\n<p>Ent\u00e3o, junte-se a n\u00f3s nessa jornada. Explore nossos artigos, acompanhe nossas an\u00e1lises e compartilhe suas experi\u00eancias conosco. Estamos aqui para ajudar voc\u00ea a entender melhor o universo da cronometragem e mostrar que, no esporte \u2013 assim como na vida \u2013 cada segundo conta.<\/p>\n\n\n\n<div class=\"wp-block-group is-nowrap is-layout-flex wp-container-core-group-is-layout-2 wp-block-group-is-layout-flex\">\n<figure class=\"wp-block-image size-full is-resized\"><img fetchpriority=\"high\" decoding=\"async\" width=\"1024\" height=\"1024\" src=\"https:\/\/braesportes.com.brblogblogblogblog\/blog\/wp-content\/uploads\/2025\/04\/WhatsApp-Image-2025-03-28-at-12.24.52.jpeg\" alt=\"\" class=\"wp-image-11766\" style=\"width:202px;height:auto\" srcset=\"https:\/\/braesportes.com.br\/blog\/wp-content\/uploads\/2025\/04\/WhatsApp-Image-2025-03-28-at-12.24.52.jpeg 1024w, https:\/\/braesportes.com.br\/blog\/wp-content\/uploads\/2025\/04\/WhatsApp-Image-2025-03-28-at-12.24.52-300x300.jpeg 300w, https:\/\/braesportes.com.br\/blog\/wp-content\/uploads\/2025\/04\/WhatsApp-Image-2025-03-28-at-12.24.52-150x150.jpeg 150w, https:\/\/braesportes.com.br\/blog\/wp-content\/uploads\/2025\/04\/WhatsApp-Image-2025-03-28-at-12.24.52-768x768.jpeg 768w\" sizes=\"(max-width: 1024px) 100vw, 1024px\" \/><\/figure>\n\n\n\n<p>Esse site \u00e9 gerido por Lucas, um colunista e atleta de 32 anos, que tem um esp\u00edrito inquieto e o desejo constante de trazer conte\u00fado de qualidade tanto para quem est\u00e1 come\u00e7ando quanto para corredores mais experientes. Acompanho de perto os principais eventos e maratonas, mergulho em estrat\u00e9gias de corrida, t\u00e9cnicas de prepara\u00e7\u00e3o f\u00edsica e na melhor forma de utilizar equipamentos e acess\u00f3rios. Meu conhecimento vai muito al\u00e9m da teoria \u2014 \u00e9 fruto de anos de experi\u00eancia, viv\u00eancia e dedica\u00e7\u00e3o.<\/p>\n<\/div>\n\n\n\n<p>Seja bem-vindo ao <strong>Brasil Esportes<\/strong>. Vamos juntos nessa corrida pelo conhecimento e pela precis\u00e3o!<\/p>\n","protected":false},"excerpt":{"rendered":"<p>Bem-vindo ao Brasil Esportes! Somos apaixonados por cronometragem de corridas e pelo universo esportivo, e estamos empolgados em compartilhar essa jornada com voc\u00ea. Neste blog, buscamos n\u00e3o apenas fornecer informa\u00e7\u00f5es t\u00e9cnicas e novidades do setor, mas tamb\u00e9m dividir nossas pr\u00f3prias experi\u00eancias, pois acreditamos que a autenticidade \u00e9 essencial para criar uma conex\u00e3o verdadeira com nossos &#8230; <a title=\"Sobre\" class=\"read-more\" href=\"https:\/\/braesportes.com.br\/blog\/sobre\/\" aria-label=\"Read more about Sobre\">Ler mais<\/a><\/p>\n","protected":false},"author":3,"featured_media":0,"parent":0,"menu_order":0,"comment_status":"closed","ping_status":"closed","template":"","meta":{"footnotes":""},"class_list":["post-819","page","type-page","status-publish"],"jetpack_sharing_enabled":true,"_links":{"self":[{"href":"https:\/\/braesportes.com.br\/blog\/wp-json\/wp\/v2\/pages\/819","targetHints":{"allow":["GET"]}}],"collection":[{"href":"https:\/\/braesportes.com.br\/blog\/wp-json\/wp\/v2\/pages"}],"about":[{"href":"https:\/\/braesportes.com.br\/blog\/wp-json\/wp\/v2\/types\/page"}],"author":[{"embeddable":true,"href":"https:\/\/braesportes.com.br\/blog\/wp-json\/wp\/v2\/users\/3"}],"replies":[{"embeddable":true,"href":"https:\/\/braesportes.com.br\/blog\/wp-json\/wp\/v2\/comments?post=819"}],"version-history":[{"count":11,"href":"https:\/\/braesportes.com.br\/blog\/wp-json\/wp\/v2\/pages\/819\/revisions"}],"predecessor-version":[{"id":11768,"href":"https:\/\/braesportes.com.br\/blog\/wp-json\/wp\/v2\/pages\/819\/revisions\/11768"}],"wp:attachment":[{"href":"https:\/\/braesportes.com.br\/blog\/wp-json\/wp\/v2\/media?parent=819"}],"curies":[{"name":"wp","href":"https:\/\/api.w.org\/{rel}","templated":true}]}}